{"id":12008,"date":"2025-05-25T22:37:10","date_gmt":"2025-05-25T22:37:10","guid":{"rendered":"https:\/\/skylarkeg.net\/?post_type=product&#038;p=12008"},"modified":"2025-08-19T15:21:09","modified_gmt":"2025-08-19T15:21:09","slug":"6-%d0%bf%d1%80%d0%b8%d1%87%d0%b8%d0%bd-%d0%b8%d1%81%d1%81%d0%bb%d0%b5%d0%b4%d0%be%d0%b2%d0%b0%d1%82%d1%8c-%d0%be%d1%80%d0%b0%d0%bd%d0%b6%d0%b5%d0%b2%d1%8b%d0%b9-%d0%be%d1%81%d1%82%d1%80%d0%be%d0%b2","status":"publish","type":"product","link":"https:\/\/skylarkeg.net\/tours\/6-%d0%bf%d1%80%d0%b8%d1%87%d0%b8%d0%bd-%d0%b8%d1%81%d1%81%d0%bb%d0%b5%d0%b4%d0%be%d0%b2%d0%b0%d1%82%d1%8c-%d0%be%d1%80%d0%b0%d0%bd%d0%b6%d0%b5%d0%b2%d1%8b%d0%b9-%d0%be%d1%81%d1%82%d1%80%d0%be%d0%b2","title":{"rendered":"Ilha Orange com mergulho em Hurghada"},"content":{"rendered":"<div class=\"vc_separator wpb_content_element vc_separator_align_center vc_sep_width_100 vc_sep_border_width_5 vc_sep_pos_align_center vc_sep_color_turquoise vc_separator-has-text\">\n<h3 data-start=\"416\" data-end=\"436\">O que est\u00e1 reservado para voc\u00ea:<\/h3>\n<ul data-start=\"437\" data-end=\"656\">\n<li data-start=\"437\" data-end=\"476\">\n<p data-start=\"439\" data-end=\"476\">Passeio mar\u00edtimo em um iate de tr\u00eas decks<\/p>\n<\/li>\n<li data-start=\"477\" data-end=\"511\">\n<p data-start=\"479\" data-end=\"511\">Andando em uma \"banana\" e um \"tablet\"<\/p>\n<\/li>\n<li data-start=\"512\" data-end=\"542\">\n<p data-start=\"514\" data-end=\"542\">Mergulho com snorkel nos jardins de corais<\/p>\n<\/li>\n<li data-start=\"543\" data-end=\"588\">\n<p data-start=\"545\" data-end=\"588\">Mergulhar a uma profundidade de 7 a 9 metros (10 a 12 minutos)<\/p>\n<\/li>\n<li data-start=\"589\" data-end=\"630\">\n<p data-start=\"591\" data-end=\"630\">Descanso na Ilha Orange (2 a 2,5 horas)<\/p>\n<\/li>\n<li data-start=\"631\" data-end=\"656\">\n<p data-start=\"633\" data-end=\"656\">Almo\u00e7o e bebidas a bordo<\/p>\n<\/li>\n<\/ul>\n<p data-start=\"658\" data-end=\"894\">Durante o passeio, voc\u00ea desfrutar\u00e1 de incr\u00edveis paisagens mar\u00edtimas, mergulho com snorkel, observa\u00e7\u00e3o de corais coloridos e peixes ex\u00f3ticos. Ap\u00f3s o mergulho, voc\u00ea descansar\u00e1 em uma ilha com areias douradas e ter\u00e1 a oportunidade de tirar belas fotos.<\/p>\n<\/div>\n<h2 data-start=\"901\" data-end=\"922\">Programa de turismo:<\/h2>\n<ul data-start=\"924\" data-end=\"1313\">\n<li data-start=\"924\" data-end=\"964\">\n<p data-start=\"926\" data-end=\"964\">\ud83d\ude90 08:00 - Traslado do hotel para o p\u00eder<\/p>\n<\/li>\n<li data-start=\"965\" data-end=\"1027\">\n<p data-start=\"967\" data-end=\"1027\">\ud83d\udef3\ufe0f Embarque no barco, instru\u00e7\u00f5es do guia, retirada do equipamento<\/p>\n<\/li>\n<li data-start=\"1028\" data-end=\"1075\">\n<p data-start=\"1030\" data-end=\"1075\">Primeiro mergulho com snorkel e nadadeiras nos recifes<\/p>\n<\/li>\n<li data-start=\"1076\" data-end=\"1135\">\n<p data-start=\"1078\" data-end=\"1135\">Mergulho com um instrutor experiente (treinamento + mergulho)<\/p>\n<\/li>\n<li data-start=\"1136\" data-end=\"1193\">\n<p data-start=\"1138\" data-end=\"1193\">\ud83c\udfdd\ufe0f Chegada \u00e0 Orange Island, descanso, fotos, nata\u00e7\u00e3o<\/p>\n<\/li>\n<li data-start=\"1194\" data-end=\"1225\">\n<p data-start=\"1196\" data-end=\"1225\">\ud83c\udf7d\ufe0f Almo\u00e7o a bordo com bebidas<\/p>\n<\/li>\n<li data-start=\"1226\" data-end=\"1270\">\n<p data-start=\"1228\" data-end=\"1270\">Parada adicional para mergulho com snorkel<\/p>\n<\/li>\n<li data-start=\"1271\" data-end=\"1313\">\n<p data-start=\"1273\" data-end=\"1313\">Retorno ao hotel por volta das 16:00-17:00<\/p>\n<\/li>\n<\/ul>\n<h2 data-start=\"1320\" data-end=\"1338\">O que est\u00e1 inclu\u00eddo:<\/h2>\n<ul data-start=\"1340\" data-end=\"1624\">\n<li data-start=\"1340\" data-end=\"1364\">\n<p data-start=\"1342\" data-end=\"1364\">Traslado do hotel<\/p>\n<\/li>\n<li data-start=\"1365\" data-end=\"1424\">\n<p data-start=\"1367\" data-end=\"1424\">Uso de equipamentos (m\u00e1scaras, snorkels, nadadeiras, coletes)<\/p>\n<\/li>\n<li data-start=\"1425\" data-end=\"1470\">\n<p data-start=\"1427\" data-end=\"1470\">1 mergulho com um instrutor (10 a 12 minutos)<\/p>\n<\/li>\n<li data-start=\"1471\" data-end=\"1499\">\n<p data-start=\"1473\" data-end=\"1499\">Paradas para mergulho com snorkel<\/p>\n<\/li>\n<li data-start=\"1500\" data-end=\"1541\">\n<p data-start=\"1502\" data-end=\"1541\">Almo\u00e7o no barco e refrigerantes<\/p>\n<\/li>\n<li data-start=\"1542\" data-end=\"1569\">\n<p data-start=\"1544\" data-end=\"1569\">\u00c1gua mineral, lanches<\/p>\n<\/li>\n<li data-start=\"1570\" data-end=\"1600\">\n<p data-start=\"1572\" data-end=\"1600\">Guia de mergulho aut\u00f4nomo<\/p>\n<\/li>\n<li data-start=\"1601\" data-end=\"1624\">\n<p data-start=\"1603\" data-end=\"1624\">Chuveiro de \u00e1gua doce<\/p>\n<\/li>\n<\/ul>\n<p>&nbsp;<\/p>\n<hr \/>\n<p>&nbsp;<\/p>\n<h2 data-start=\"1631\" data-end=\"1652\">O que n\u00e3o est\u00e1 inclu\u00eddo:<\/h2>\n<ul data-start=\"1654\" data-end=\"1706\">\n<li data-start=\"1654\" data-end=\"1664\">\n<p data-start=\"1656\" data-end=\"1664\">Dica<\/p>\n<\/li>\n<li data-start=\"1665\" data-end=\"1683\">\n<p data-start=\"1667\" data-end=\"1683\">Despesas pessoais<\/p>\n<\/li>\n<li data-start=\"1684\" data-end=\"1706\">\n<p data-start=\"1686\" data-end=\"1706\">Fotografia e videografia<\/p>\n<\/li>\n<\/ul>\n<p>&nbsp;<\/p>\n<h2 data-start=\"1713\" data-end=\"1737\">O que levar com voc\u00ea:<\/h2>\n<ul data-start=\"1739\" data-end=\"1864\">\n<li data-start=\"1739\" data-end=\"1756\">\n<p data-start=\"1741\" data-end=\"1756\">Capacete<\/p>\n<\/li>\n<li data-start=\"1757\" data-end=\"1770\">\n<p data-start=\"1759\" data-end=\"1770\">Traje de nata\u00e7\u00e3o<\/p>\n<\/li>\n<li data-start=\"1771\" data-end=\"1784\">\n<p data-start=\"1773\" data-end=\"1784\">Toalha<\/p>\n<\/li>\n<li data-start=\"1785\" data-end=\"1812\">\n<p data-start=\"1787\" data-end=\"1812\">Produtos de prote\u00e7\u00e3o solar<\/p>\n<\/li>\n<li data-start=\"1813\" data-end=\"1840\">\n<p data-start=\"1815\" data-end=\"1840\">Produtos de cuidados pessoais<\/p>\n<\/li>\n<li data-start=\"1841\" data-end=\"1864\">\n<p data-start=\"1843\" data-end=\"1864\">\u00d3culos de sol<\/p>\n<\/li>\n<\/ul>\n<hr \/>\n<h4><\/h4>\n<h2 data-start=\"1871\" data-end=\"1887\">\ud83d\udcb0 Custo:<\/h2>\n<div class=\"_tableContainer_16hzy_1\">\n<div class=\"_tableWrapper_16hzy_14 group flex w-fit flex-col-reverse\" tabindex=\"-1\">\n<table class=\"w-fit min-w-(--thread-content-width)\" style=\"height: 122px;\" width=\"825\" data-start=\"1889\" data-end=\"2078\">\n<thead data-start=\"1889\" data-end=\"1924\">\n<tr data-start=\"1889\" data-end=\"1924\">\n<th data-start=\"1889\" data-end=\"1911\" data-col-size=\"sm\">Categoria<\/th>\n<th data-start=\"1911\" data-end=\"1924\" data-col-size=\"sm\">Pre\u00e7o<\/th>\n<\/tr>\n<\/thead>\n<tbody data-start=\"1961\" data-end=\"2078\">\n<tr data-start=\"1961\" data-end=\"1996\">\n<td data-start=\"1961\" data-end=\"1983\" data-col-size=\"sm\">Adulto<\/td>\n<td data-col-size=\"sm\" data-start=\"1983\" data-end=\"1996\">25 $<\/td>\n<\/tr>\n<tr data-start=\"1997\" data-end=\"2042\">\n<td data-start=\"1997\" data-end=\"2019\" data-col-size=\"sm\">Crian\u00e7a de 5 a 12 anos de idade<\/td>\n<td data-col-size=\"sm\" data-start=\"2019\" data-end=\"2042\">10 $ (sem mergulho)<\/td>\n<\/tr>\n<tr data-start=\"2043\" data-end=\"2078\">\n<td data-start=\"2043\" data-end=\"2065\" data-col-size=\"sm\">Crian\u00e7a com menos de 5 anos de idade<\/td>\n<td data-start=\"2065\" data-end=\"2078\" data-col-size=\"sm\">\u00c9 gratuito<\/td>\n<\/tr>\n<\/tbody>\n<\/table>\n<\/div>\n<\/div>\n<hr \/>\n<p>&nbsp;<\/p>\n<hr \/>\n<p>&nbsp;<\/p>\n<h2 data-start=\"2246\" data-end=\"2258\">\u26a0\ufe0f Importante:<\/h2>\n<ul data-start=\"2260\" data-end=\"2500\">\n<li data-start=\"2260\" data-end=\"2287\">\n<p data-start=\"2262\" data-end=\"2287\">Fa\u00e7a seu pedido com pelo menos 1 dia de anteced\u00eancia<\/p>\n<\/li>\n<li data-start=\"2288\" data-end=\"2323\">\n<p data-start=\"2290\" data-end=\"2323\">Pagamento em dinheiro no dia da viagem<\/p>\n<\/li>\n<li data-start=\"2324\" data-end=\"2406\">\n<p data-start=\"2326\" data-end=\"2406\">Se o \u00f4nibus atrasar por mais de 10 minutos, entre em contato conosco imediatamente<\/p>\n<\/li>\n<li data-start=\"2407\" data-end=\"2500\">\n<p data-start=\"2409\" data-end=\"2500\">N\u00e3o nos responsabilizamos por servi\u00e7os de foto\/v\u00eddeo - fa\u00e7a os arranjos diretamente com os fot\u00f3grafos<\/p>\n<\/li>\n<\/ul>\n<p>&nbsp;<\/p>\n<p><strong>Reserve agora<br \/>\npor e-mail:\u00a0<\/strong><a href=\"mailto:poehalisnamiegypt@gmail.com\"><span class=\"contact-info__item__text\">poehalisnamiegypt@gmail.com<\/span><\/a><\/p>\n<p><strong>por meio de contatos sociais<\/strong><\/p>\n<p><a href=\"viber:\/\/chat?number=01122996556\"><img decoding=\"async\" class=\"alignleft wp-image-2059\" src=\"https:\/\/poehalisnamiegypt.com\/wp-content\/uploads\/2024\/02\/pngwing.com-1-300x300.png\" sizes=\"auto, (max-width: 37px) 100vw, 37px\" srcset=\"https:\/\/poehalisnamiegypt.com\/wp-content\/uploads\/2024\/02\/pngwing.com-1-300x300.png 300w, https:\/\/poehalisnamiegypt.com\/wp-content\/uploads\/2024\/02\/pngwing.com-1-150x150.png 150w, https:\/\/poehalisnamiegypt.com\/wp-content\/uploads\/2024\/02\/pngwing.com-1.png 512w\" alt=\"\" width=\"37\" height=\"37\" \/><\/a><a href=\"https:\/\/api.whatsapp.com\/send\/?phone=01122996556\" target=\"_blank\" rel=\"noopener\"><img decoding=\"async\" class=\"alignleft wp-image-2058\" src=\"https:\/\/poehalisnamiegypt.com\/wp-content\/uploads\/2024\/02\/pngwing.com_-300x300.png\" sizes=\"auto, (max-width: 35px) 100vw, 35px\" srcset=\"https:\/\/poehalisnamiegypt.com\/wp-content\/uploads\/2024\/02\/pngwing.com_-300x300.png 300w, https:\/\/poehalisnamiegypt.com\/wp-content\/uploads\/2024\/02\/pngwing.com_-150x150.png 150w, https:\/\/poehalisnamiegypt.com\/wp-content\/uploads\/2024\/02\/pngwing.com_.png 584w\" alt=\"\" width=\"35\" height=\"35\" \/><\/a><a href=\"https:\/\/t.me\/+01122996556\"><img decoding=\"async\" class=\"alignleft wp-image-2060\" src=\"https:\/\/poehalisnamiegypt.com\/wp-content\/uploads\/2024\/02\/pngwing.com-2-300x300.png\" sizes=\"auto, (max-width: 42px) 100vw, 42px\" srcset=\"https:\/\/poehalisnamiegypt.com\/wp-content\/uploads\/2024\/02\/pngwing.com-2-300x300.png 300w, https:\/\/poehalisnamiegypt.com\/wp-content\/uploads\/2024\/02\/pngwing.com-2-150x150.png 150w, https:\/\/poehalisnamiegypt.com\/wp-content\/uploads\/2024\/02\/pngwing.com-2.png 600w\" alt=\"\" width=\"42\" height=\"42\" \/><\/a><\/p>","protected":false},"excerpt":{"rendered":"<p>\nO que est\u00e1 reservado para voc\u00ea:<\/p>\n<p>\nPasseio mar\u00edtimo em um iate de tr\u00eas decks<\/p>\n<p>\nAndando em uma \"banana\" e um \"tablet\"<\/p>\n<p>\nMergulho com snorkel nos jardins de corais<\/p>\n<p>\n\u0414\u0430\u0439\u0432\u0438\u043d\u0433 \u043d\u0430 \u0433\u043b\u0443\u0431\u0438\u043d\u0443 <\/p>","protected":false},"featured_media":12493,"comment_status":"open","ping_status":"closed","template":"","meta":{"_acf_changed":false,"_glsr_average":0,"_glsr_ranking":0,"_glsr_reviews":0},"product_brand":[],"product_cat":[],"product_tag":[],"class_list":{"0":"post-12008","1":"product","2":"type-product","3":"status-publish","4":"has-post-thumbnail","6":"pa_destination-127","7":"pa_month-april","8":"pa_month-december","9":"pa_month-september","10":"tour_phys-----2","12":"first","13":"instock","14":"featured","15":"shipping-taxable","16":"purchasable","17":"product-type-tour_phys"},"acf":[],"_links":{"self":[{"href":"https:\/\/skylarkeg.net\/pt\/wp-json\/wp\/v2\/product\/12008","targetHints":{"allow":["GET"]}}],"collection":[{"href":"https:\/\/skylarkeg.net\/pt\/wp-json\/wp\/v2\/product"}],"about":[{"href":"https:\/\/skylarkeg.net\/pt\/wp-json\/wp\/v2\/types\/product"}],"replies":[{"embeddable":true,"href":"https:\/\/skylarkeg.net\/pt\/wp-json\/wp\/v2\/comments?post=12008"}],"wp:featuredmedia":[{"embeddable":true,"href":"https:\/\/skylarkeg.net\/pt\/wp-json\/wp\/v2\/media\/12493"}],"wp:attachment":[{"href":"https:\/\/skylarkeg.net\/pt\/wp-json\/wp\/v2\/media?parent=12008"}],"wp:term":[{"taxonomy":"product_brand","embeddable":true,"href":"https:\/\/skylarkeg.net\/pt\/wp-json\/wp\/v2\/product_brand?post=12008"},{"taxonomy":"product_cat","embeddable":true,"href":"https:\/\/skylarkeg.net\/pt\/wp-json\/wp\/v2\/product_cat?post=12008"},{"taxonomy":"product_tag","embeddable":true,"href":"https:\/\/skylarkeg.net\/pt\/wp-json\/wp\/v2\/product_tag?post=12008"}],"curies":[{"name":"wp","href":"https:\/\/api.w.org\/{rel}","templated":true}]}}