{"id":12008,"date":"2025-05-25T22:37:10","date_gmt":"2025-05-25T22:37:10","guid":{"rendered":"https:\/\/skylarkeg.net\/?post_type=product&#038;p=12008"},"modified":"2025-08-19T15:21:09","modified_gmt":"2025-08-19T15:21:09","slug":"6-%d0%bf%d1%80%d0%b8%d1%87%d0%b8%d0%bd-%d0%b8%d1%81%d1%81%d0%bb%d0%b5%d0%b4%d0%be%d0%b2%d0%b0%d1%82%d1%8c-%d0%be%d1%80%d0%b0%d0%bd%d0%b6%d0%b5%d0%b2%d1%8b%d0%b9-%d0%be%d1%81%d1%82%d1%80%d0%be%d0%b2","status":"publish","type":"product","link":"https:\/\/skylarkeg.net\/tours\/6-%d0%bf%d1%80%d0%b8%d1%87%d0%b8%d0%bd-%d0%b8%d1%81%d1%81%d0%bb%d0%b5%d0%b4%d0%be%d0%b2%d0%b0%d1%82%d1%8c-%d0%be%d1%80%d0%b0%d0%bd%d0%b6%d0%b5%d0%b2%d1%8b%d0%b9-%d0%be%d1%81%d1%82%d1%80%d0%be%d0%b2","title":{"rendered":"Oran\u017e\u0101 sala ar nir\u0161anu Hurgad\u0101"},"content":{"rendered":"<div class=\"vc_separator wpb_content_element vc_separator_align_center vc_sep_width_100 vc_sep_border_width_5 vc_sep_pos_align_center vc_sep_color_turquoise vc_separator-has-text\">\n<h3 data-start=\"416\" data-end=\"436\">\ud83d\udea4 Kas tevi gaida:<\/h3>\n<ul data-start=\"437\" data-end=\"656\">\n<li data-start=\"437\" data-end=\"476\">\n<p data-start=\"439\" data-end=\"476\">Brauciens j\u016br\u0101 ar jahtu ar trim kl\u0101jiem<\/p>\n<\/li>\n<li data-start=\"477\" data-end=\"511\">\n<p data-start=\"479\" data-end=\"511\">Brauciens ar \"ban\u0101nu\" un \"plan\u0161etdatoru\"<\/p>\n<\/li>\n<li data-start=\"512\" data-end=\"542\">\n<p data-start=\"514\" data-end=\"542\">Nir\u0161ana ar nir\u0161anu kora\u013c\u013cu d\u0101rzos<\/p>\n<\/li>\n<li data-start=\"543\" data-end=\"588\">\n<p data-start=\"545\" data-end=\"588\">Nir\u0161ana l\u012bdz 7-9 metru dzi\u013cumam (10-12 min\u016btes).<\/p>\n<\/li>\n<li data-start=\"589\" data-end=\"630\">\n<p data-start=\"591\" data-end=\"630\">Atp\u016bta Oran\u017eaj\u0101 sal\u0101 (2-2,5 stundas)<\/p>\n<\/li>\n<li data-start=\"631\" data-end=\"656\">\n<p data-start=\"633\" data-end=\"656\">Pusdienas un dz\u0113rieni uz ku\u0123a<\/p>\n<\/li>\n<\/ul>\n<p data-start=\"658\" data-end=\"894\">Ekskursijas laik\u0101 j\u016bs var\u0113siet izbaud\u012bt neticamas j\u016bras ainavas, snorkel\u0113\u0161anu, nir\u0161anu ar \u0161\u0146oreri, apskat\u012bt kr\u0101sainus kora\u013c\u013cus un eksotiskas zivis. P\u0113c nir\u0161anas j\u016bs atp\u016bt\u012bsieties uz salas ar zeltain\u0101m smilt\u012bm un iesp\u0113ju uz\u0146emt skaistas fotogr\u0101fijas.<\/p>\n<\/div>\n<h2 data-start=\"901\" data-end=\"922\">\ud83d\udccb Ekskursijas programma:<\/h2>\n<ul data-start=\"924\" data-end=\"1313\">\n<li data-start=\"924\" data-end=\"964\">\n<p data-start=\"926\" data-end=\"964\">\ud83d\ude90 08:00 - transf\u0113rs no viesn\u012bcas uz piest\u0101tni<\/p>\n<\/li>\n<li data-start=\"965\" data-end=\"1027\">\n<p data-start=\"967\" data-end=\"1027\">\ud83d\udef3\ufe0f Iek\u0101p\u0161ana laiv\u0101, gida instrukt\u0101\u017ea, ekip\u0113juma izsnieg\u0161ana<\/p>\n<\/li>\n<li data-start=\"1028\" data-end=\"1075\">\n<p data-start=\"1030\" data-end=\"1075\">\ud83c\udfca Pirm\u0101 snorkel\u0113\u0161ana un peldspalvas pie rifiem<\/p>\n<\/li>\n<li data-start=\"1076\" data-end=\"1135\">\n<p data-start=\"1078\" data-end=\"1135\">\ud83e\udd3f Nir\u0161ana ar pieredz\u0113ju\u0161u instruktoru (apm\u0101c\u012bba + nir\u0161ana)<\/p>\n<\/li>\n<li data-start=\"1136\" data-end=\"1193\">\n<p data-start=\"1138\" data-end=\"1193\">\ud83c\udfdd\ufe0f Iera\u0161an\u0101s Oran\u017eaj\u0101 sal\u0101, atp\u016bta, fotograf\u0113\u0161an\u0101s, peld\u0113\u0161an\u0101s<\/p>\n<\/li>\n<li data-start=\"1194\" data-end=\"1225\">\n<p data-start=\"1196\" data-end=\"1225\">\ud83c\udf7d\ufe0f Pusdienas uz ku\u0123a ar dz\u0113rieniem<\/p>\n<\/li>\n<li data-start=\"1226\" data-end=\"1270\">\n<p data-start=\"1228\" data-end=\"1270\">\ud83c\udf0a Papildu pietura snorkel\u0113\u0161anai<\/p>\n<\/li>\n<li data-start=\"1271\" data-end=\"1313\">\n<p data-start=\"1273\" data-end=\"1313\">\ud83d\ude90 Atgrie\u0161an\u0101s viesn\u012bc\u0101 ap 16:00-17:00<\/p>\n<\/li>\n<\/ul>\n<h2 data-start=\"1320\" data-end=\"1338\">\u2705 Kas iek\u013cauts:<\/h2>\n<ul data-start=\"1340\" data-end=\"1624\">\n<li data-start=\"1340\" data-end=\"1364\">\n<p data-start=\"1342\" data-end=\"1364\">Transf\u0113rs uz viesn\u012bcu<\/p>\n<\/li>\n<li data-start=\"1365\" data-end=\"1424\">\n<p data-start=\"1367\" data-end=\"1424\">Apr\u012bkojuma (maskas, snorkel\u012b\u0161i, spuras, vestes) lieto\u0161ana.<\/p>\n<\/li>\n<li data-start=\"1425\" data-end=\"1470\">\n<p data-start=\"1427\" data-end=\"1470\">1 nir\u0161ana ar instruktoru (10-12 min\u016btes)<\/p>\n<\/li>\n<li data-start=\"1471\" data-end=\"1499\">\n<p data-start=\"1473\" data-end=\"1499\">Nir\u0161anas ar nir\u0161anu pieturas<\/p>\n<\/li>\n<li data-start=\"1500\" data-end=\"1541\">\n<p data-start=\"1502\" data-end=\"1541\">Pusdienas uz laivas un bezalkoholiskie dz\u0113rieni<\/p>\n<\/li>\n<li data-start=\"1542\" data-end=\"1569\">\n<p data-start=\"1544\" data-end=\"1569\">Miner\u0101l\u016bdens, uzkodas<\/p>\n<\/li>\n<li data-start=\"1570\" data-end=\"1600\">\n<p data-start=\"1572\" data-end=\"1600\">Nir\u0161anas ar akvalangu ce\u013cvedis<\/p>\n<\/li>\n<li data-start=\"1601\" data-end=\"1624\">\n<p data-start=\"1603\" data-end=\"1624\">Svaig\u0101 \u016bdens du\u0161a<\/p>\n<\/li>\n<\/ul>\n<p>&nbsp;<\/p>\n<hr \/>\n<p>&nbsp;<\/p>\n<h2 data-start=\"1631\" data-end=\"1652\">\u274c Kas nav iek\u013cauts:<\/h2>\n<ul data-start=\"1654\" data-end=\"1706\">\n<li data-start=\"1654\" data-end=\"1664\">\n<p data-start=\"1656\" data-end=\"1664\">Padoms<\/p>\n<\/li>\n<li data-start=\"1665\" data-end=\"1683\">\n<p data-start=\"1667\" data-end=\"1683\">Person\u012bgie izdevumi<\/p>\n<\/li>\n<li data-start=\"1684\" data-end=\"1706\">\n<p data-start=\"1686\" data-end=\"1706\">Fotograf\u0113\u0161ana un videogr\u0101fija<\/p>\n<\/li>\n<\/ul>\n<p>&nbsp;<\/p>\n<h2 data-start=\"1713\" data-end=\"1737\">\ud83c\udf92 Kas j\u0101\u0146em l\u012bdzi:<\/h2>\n<ul data-start=\"1739\" data-end=\"1864\">\n<li data-start=\"1739\" data-end=\"1756\">\n<p data-start=\"1741\" data-end=\"1756\">Galvas segas<\/p>\n<\/li>\n<li data-start=\"1757\" data-end=\"1770\">\n<p data-start=\"1759\" data-end=\"1770\">Peld\u0113\u0161anas kost\u012bms<\/p>\n<\/li>\n<li data-start=\"1771\" data-end=\"1784\">\n<p data-start=\"1773\" data-end=\"1784\">Dvie\u013ci<\/p>\n<\/li>\n<li data-start=\"1785\" data-end=\"1812\">\n<p data-start=\"1787\" data-end=\"1812\">Saules aizsargl\u012bdzek\u013ci<\/p>\n<\/li>\n<li data-start=\"1813\" data-end=\"1840\">\n<p data-start=\"1815\" data-end=\"1840\">Person\u012bg\u0101s higi\u0113nas l\u012bdzek\u013ci<\/p>\n<\/li>\n<li data-start=\"1841\" data-end=\"1864\">\n<p data-start=\"1843\" data-end=\"1864\">Saulesbrilles<\/p>\n<\/li>\n<\/ul>\n<hr \/>\n<h4><\/h4>\n<h2 data-start=\"1871\" data-end=\"1887\">\ud83d\udcb0 Izmaksas:<\/h2>\n<div class=\"_tableContainer_16hzy_1\">\n<div class=\"_tableWrapper_16hzy_14 group flex w-fit flex-col-reverse\" tabindex=\"-1\">\n<table class=\"w-fit min-w-(--thread-content-width)\" style=\"height: 122px;\" width=\"825\" data-start=\"1889\" data-end=\"2078\">\n<thead data-start=\"1889\" data-end=\"1924\">\n<tr data-start=\"1889\" data-end=\"1924\">\n<th data-start=\"1889\" data-end=\"1911\" data-col-size=\"sm\">Kategorija<\/th>\n<th data-start=\"1911\" data-end=\"1924\" data-col-size=\"sm\">Cena<\/th>\n<\/tr>\n<\/thead>\n<tbody data-start=\"1961\" data-end=\"2078\">\n<tr data-start=\"1961\" data-end=\"1996\">\n<td data-start=\"1961\" data-end=\"1983\" data-col-size=\"sm\">Pieaugu\u0161o<\/td>\n<td data-col-size=\"sm\" data-start=\"1983\" data-end=\"1996\">25 $<\/td>\n<\/tr>\n<tr data-start=\"1997\" data-end=\"2042\">\n<td data-start=\"1997\" data-end=\"2019\" data-col-size=\"sm\">B\u0113rns vecum\u0101 no 5 l\u012bdz 12 gadiem<\/td>\n<td data-col-size=\"sm\" data-start=\"2019\" data-end=\"2042\">10 $ (bez nir\u0161anas)<\/td>\n<\/tr>\n<tr data-start=\"2043\" data-end=\"2078\">\n<td data-start=\"2043\" data-end=\"2065\" data-col-size=\"sm\">B\u0113rns l\u012bdz 5 gadu vecumam<\/td>\n<td data-start=\"2065\" data-end=\"2078\" data-col-size=\"sm\">Tas ir bez maksas<\/td>\n<\/tr>\n<\/tbody>\n<\/table>\n<\/div>\n<\/div>\n<hr \/>\n<p>&nbsp;<\/p>\n<hr \/>\n<p>&nbsp;<\/p>\n<h2 data-start=\"2246\" data-end=\"2258\">\u26a0\ufe0f Svar\u012bgi:<\/h2>\n<ul data-start=\"2260\" data-end=\"2500\">\n<li data-start=\"2260\" data-end=\"2287\">\n<p data-start=\"2262\" data-end=\"2287\">Pas\u016btiet vismaz 1 dienu iepriek\u0161<\/p>\n<\/li>\n<li data-start=\"2288\" data-end=\"2323\">\n<p data-start=\"2290\" data-end=\"2323\">Skaidras naudas maks\u0101jums ce\u013cojuma dien\u0101<\/p>\n<\/li>\n<li data-start=\"2324\" data-end=\"2406\">\n<p data-start=\"2326\" data-end=\"2406\">Ja autobuss kav\u0113jas ilg\u0101k par 10 min\u016bt\u0113m - nekav\u0113joties sazinieties ar mums.<\/p>\n<\/li>\n<li data-start=\"2407\" data-end=\"2500\">\n<p data-start=\"2409\" data-end=\"2500\">M\u0113s neesam atbild\u012bgi par foto\/video pakalpojumiem - vienojieties tie\u0161i ar fotogr\u0101fiem.<\/p>\n<\/li>\n<\/ul>\n<p>&nbsp;<\/p>\n<p><strong>Rezerv\u0113t tagad<br \/>\npa e-pastu:\u00a0<\/strong><a href=\"mailto:poehalisnamiegypt@gmail.com\"><span class=\"contact-info__item__text\">poehalisnamiegypt@gmail.com<\/span><\/a><\/p>\n<p><strong>izmantojot soci\u0101los kontaktus.<\/strong><\/p>\n<p><a href=\"viber:\/\/chat?number=01122996556\"><img decoding=\"async\" class=\"alignleft wp-image-2059\" src=\"https:\/\/poehalisnamiegypt.com\/wp-content\/uploads\/2024\/02\/pngwing.com-1-300x300.png\" sizes=\"auto, (max-width: 37px) 100vw, 37px\" srcset=\"https:\/\/poehalisnamiegypt.com\/wp-content\/uploads\/2024\/02\/pngwing.com-1-300x300.png 300w, https:\/\/poehalisnamiegypt.com\/wp-content\/uploads\/2024\/02\/pngwing.com-1-150x150.png 150w, https:\/\/poehalisnamiegypt.com\/wp-content\/uploads\/2024\/02\/pngwing.com-1.png 512w\" alt=\"\" width=\"37\" height=\"37\" \/><\/a><a href=\"https:\/\/api.whatsapp.com\/send\/?phone=01122996556\" target=\"_blank\" rel=\"noopener\"><img decoding=\"async\" class=\"alignleft wp-image-2058\" src=\"https:\/\/poehalisnamiegypt.com\/wp-content\/uploads\/2024\/02\/pngwing.com_-300x300.png\" sizes=\"auto, (max-width: 35px) 100vw, 35px\" srcset=\"https:\/\/poehalisnamiegypt.com\/wp-content\/uploads\/2024\/02\/pngwing.com_-300x300.png 300w, https:\/\/poehalisnamiegypt.com\/wp-content\/uploads\/2024\/02\/pngwing.com_-150x150.png 150w, https:\/\/poehalisnamiegypt.com\/wp-content\/uploads\/2024\/02\/pngwing.com_.png 584w\" alt=\"\" width=\"35\" height=\"35\" \/><\/a><a href=\"https:\/\/t.me\/+01122996556\"><img decoding=\"async\" class=\"alignleft wp-image-2060\" src=\"https:\/\/poehalisnamiegypt.com\/wp-content\/uploads\/2024\/02\/pngwing.com-2-300x300.png\" sizes=\"auto, (max-width: 42px) 100vw, 42px\" srcset=\"https:\/\/poehalisnamiegypt.com\/wp-content\/uploads\/2024\/02\/pngwing.com-2-300x300.png 300w, https:\/\/poehalisnamiegypt.com\/wp-content\/uploads\/2024\/02\/pngwing.com-2-150x150.png 150w, https:\/\/poehalisnamiegypt.com\/wp-content\/uploads\/2024\/02\/pngwing.com-2.png 600w\" alt=\"\" width=\"42\" height=\"42\" \/><\/a><\/p>","protected":false},"excerpt":{"rendered":"<p>\n\ud83d\udea4 Kas tevi gaida:<\/p>\n<p>\nBrauciens j\u016br\u0101 ar jahtu ar trim kl\u0101jiem<\/p>\n<p>\nBrauciens ar \"ban\u0101nu\" un \"plan\u0161etdatoru\"<\/p>\n<p>\nNir\u0161ana ar nir\u0161anu kora\u013c\u013cu d\u0101rzos<\/p>\n<p>\n\u0414\u0430\u0439\u0432\u0438\u043d\u0433 \u043d\u0430 \u0433\u043b\u0443\u0431\u0438\u043d\u0443 <\/p>","protected":false},"featured_media":12493,"comment_status":"open","ping_status":"closed","template":"","meta":{"_acf_changed":false,"_glsr_average":0,"_glsr_ranking":0,"_glsr_reviews":0},"product_brand":[],"product_cat":[],"product_tag":[],"class_list":{"0":"post-12008","1":"product","2":"type-product","3":"status-publish","4":"has-post-thumbnail","6":"pa_destination-127","7":"pa_month-april","8":"pa_month-december","9":"pa_month-september","10":"tour_phys-----2","12":"first","13":"instock","14":"featured","15":"shipping-taxable","16":"purchasable","17":"product-type-tour_phys"},"acf":[],"_links":{"self":[{"href":"https:\/\/skylarkeg.net\/lv\/wp-json\/wp\/v2\/product\/12008","targetHints":{"allow":["GET"]}}],"collection":[{"href":"https:\/\/skylarkeg.net\/lv\/wp-json\/wp\/v2\/product"}],"about":[{"href":"https:\/\/skylarkeg.net\/lv\/wp-json\/wp\/v2\/types\/product"}],"replies":[{"embeddable":true,"href":"https:\/\/skylarkeg.net\/lv\/wp-json\/wp\/v2\/comments?post=12008"}],"wp:featuredmedia":[{"embeddable":true,"href":"https:\/\/skylarkeg.net\/lv\/wp-json\/wp\/v2\/media\/12493"}],"wp:attachment":[{"href":"https:\/\/skylarkeg.net\/lv\/wp-json\/wp\/v2\/media?parent=12008"}],"wp:term":[{"taxonomy":"product_brand","embeddable":true,"href":"https:\/\/skylarkeg.net\/lv\/wp-json\/wp\/v2\/product_brand?post=12008"},{"taxonomy":"product_cat","embeddable":true,"href":"https:\/\/skylarkeg.net\/lv\/wp-json\/wp\/v2\/product_cat?post=12008"},{"taxonomy":"product_tag","embeddable":true,"href":"https:\/\/skylarkeg.net\/lv\/wp-json\/wp\/v2\/product_tag?post=12008"}],"curies":[{"name":"wp","href":"https:\/\/api.w.org\/{rel}","templated":true}]}}