{"id":12008,"date":"2025-05-25T22:37:10","date_gmt":"2025-05-25T22:37:10","guid":{"rendered":"https:\/\/skylarkeg.net\/?post_type=product&#038;p=12008"},"modified":"2025-08-19T15:21:09","modified_gmt":"2025-08-19T15:21:09","slug":"6-%d0%bf%d1%80%d0%b8%d1%87%d0%b8%d0%bd-%d0%b8%d1%81%d1%81%d0%bb%d0%b5%d0%b4%d0%be%d0%b2%d0%b0%d1%82%d1%8c-%d0%be%d1%80%d0%b0%d0%bd%d0%b6%d0%b5%d0%b2%d1%8b%d0%b9-%d0%be%d1%81%d1%82%d1%80%d0%be%d0%b2","status":"publish","type":"product","link":"https:\/\/skylarkeg.net\/tours\/6-%d0%bf%d1%80%d0%b8%d1%87%d0%b8%d0%bd-%d0%b8%d1%81%d1%81%d0%bb%d0%b5%d0%b4%d0%be%d0%b2%d0%b0%d1%82%d1%8c-%d0%be%d1%80%d0%b0%d0%bd%d0%b6%d0%b5%d0%b2%d1%8b%d0%b9-%d0%be%d1%81%d1%82%d1%80%d0%be%d0%b2","title":{"rendered":"Oran\u017eov\u00fd ostrov s pot\u00e1p\u011bn\u00edm v Hurghad\u011b"},"content":{"rendered":"<div class=\"vc_separator wpb_content_element vc_separator_align_center vc_sep_width_100 vc_sep_border_width_5 vc_sep_pos_align_center vc_sep_color_turquoise vc_separator-has-text\">\n<h3 data-start=\"416\" data-end=\"436\">\ud83d\udea4 Co v\u00e1s \u010dek\u00e1:<\/h3>\n<ul data-start=\"437\" data-end=\"656\">\n<li data-start=\"437\" data-end=\"476\">\n<p data-start=\"439\" data-end=\"476\">V\u00fdlet na mo\u0159e na t\u0159\u00edpatrov\u00e9 jacht\u011b<\/p>\n<\/li>\n<li data-start=\"477\" data-end=\"511\">\n<p data-start=\"479\" data-end=\"511\">J\u00edzda na \"ban\u00e1nu\" a \"tabletu\"<\/p>\n<\/li>\n<li data-start=\"512\" data-end=\"542\">\n<p data-start=\"514\" data-end=\"542\">\u0160norchlov\u00e1n\u00ed v kor\u00e1lov\u00fdch zahrad\u00e1ch<\/p>\n<\/li>\n<li data-start=\"543\" data-end=\"588\">\n<p data-start=\"545\" data-end=\"588\">Pot\u00e1p\u011bn\u00ed do hloubky 7-9 metr\u016f (10-12 minut)<\/p>\n<\/li>\n<li data-start=\"589\" data-end=\"630\">\n<p data-start=\"591\" data-end=\"630\">Odpo\u010dinek na Orange Island (2-2,5 hodiny)<\/p>\n<\/li>\n<li data-start=\"631\" data-end=\"656\">\n<p data-start=\"633\" data-end=\"656\">Ob\u011bd a n\u00e1poje na palub\u011b<\/p>\n<\/li>\n<\/ul>\n<p data-start=\"658\" data-end=\"894\">B\u011bhem v\u00fdletu si u\u017eijete neuv\u011b\u0159iteln\u00e9 mo\u0159sk\u00e9 scen\u00e9rie, \u0161norchlov\u00e1n\u00ed, pot\u00e1p\u011bn\u00ed, pozorov\u00e1n\u00ed barevn\u00fdch kor\u00e1l\u016f a exotick\u00fdch ryb. Po pot\u00e1p\u011bn\u00ed v\u00e1s \u010dek\u00e1 odpo\u010dinek na ostrov\u011b se zlatav\u00fdm p\u00edskem a mo\u017enost po\u0159\u00eddit si kr\u00e1sn\u00e9 fotografie.<\/p>\n<\/div>\n<h2 data-start=\"901\" data-end=\"922\">\ud83d\udccb Program prohl\u00eddky:<\/h2>\n<ul data-start=\"924\" data-end=\"1313\">\n<li data-start=\"924\" data-end=\"964\">\n<p data-start=\"926\" data-end=\"964\">\ud83d\ude90 08:00 - transfer z hotelu na molo<\/p>\n<\/li>\n<li data-start=\"965\" data-end=\"1027\">\n<p data-start=\"967\" data-end=\"1027\">\ud83d\udef3\ufe0f N\u00e1stup na lo\u010f, instrukt\u00e1\u017e od pr\u016fvodce, v\u00fddej vybaven\u00ed<\/p>\n<\/li>\n<li data-start=\"1028\" data-end=\"1075\">\n<p data-start=\"1030\" data-end=\"1075\">\ud83c\udfca Prvn\u00ed \u0161norchlov\u00e1n\u00ed a ploutve u \u00fates\u016f<\/p>\n<\/li>\n<li data-start=\"1076\" data-end=\"1135\">\n<p data-start=\"1078\" data-end=\"1135\">\ud83e\udd3f Pot\u00e1p\u011bn\u00ed se zku\u0161en\u00fdm instruktorem (\u0161kolen\u00ed + pot\u00e1p\u011bn\u00ed)<\/p>\n<\/li>\n<li data-start=\"1136\" data-end=\"1193\">\n<p data-start=\"1138\" data-end=\"1193\">\ud83c\udfdd\ufe0f P\u0159\u00edjezd na Orange Island, odpo\u010dinek, fotografie, koup\u00e1n\u00ed<\/p>\n<\/li>\n<li data-start=\"1194\" data-end=\"1225\">\n<p data-start=\"1196\" data-end=\"1225\">\ud83c\udf7d\ufe0f Ob\u011bd na palub\u011b s n\u00e1poji<\/p>\n<\/li>\n<li data-start=\"1226\" data-end=\"1270\">\n<p data-start=\"1228\" data-end=\"1270\">\ud83c\udf0a Dal\u0161\u00ed zast\u00e1vka na \u0161norchlov\u00e1n\u00ed<\/p>\n<\/li>\n<li data-start=\"1271\" data-end=\"1313\">\n<p data-start=\"1273\" data-end=\"1313\">\ud83d\ude90 N\u00e1vrat do hotelu kolem 16:00-17:00 hod.<\/p>\n<\/li>\n<\/ul>\n<h2 data-start=\"1320\" data-end=\"1338\">\u2705 Co je sou\u010d\u00e1st\u00ed balen\u00ed:<\/h2>\n<ul data-start=\"1340\" data-end=\"1624\">\n<li data-start=\"1340\" data-end=\"1364\">\n<p data-start=\"1342\" data-end=\"1364\">Hotelov\u00fd transfer<\/p>\n<\/li>\n<li data-start=\"1365\" data-end=\"1424\">\n<p data-start=\"1367\" data-end=\"1424\">Pou\u017e\u00edv\u00e1n\u00ed vybaven\u00ed (masky, \u0161norchly, ploutve, vesty)<\/p>\n<\/li>\n<li data-start=\"1425\" data-end=\"1470\">\n<p data-start=\"1427\" data-end=\"1470\">1 ponor s instruktorem (10-12 minut)<\/p>\n<\/li>\n<li data-start=\"1471\" data-end=\"1499\">\n<p data-start=\"1473\" data-end=\"1499\">Zast\u00e1vky pro \u0161norchlov\u00e1n\u00ed<\/p>\n<\/li>\n<li data-start=\"1500\" data-end=\"1541\">\n<p data-start=\"1502\" data-end=\"1541\">Ob\u011bd na lodi a nealkoholick\u00e9 n\u00e1poje<\/p>\n<\/li>\n<li data-start=\"1542\" data-end=\"1569\">\n<p data-start=\"1544\" data-end=\"1569\">Miner\u00e1ln\u00ed voda, ob\u010derstven\u00ed<\/p>\n<\/li>\n<li data-start=\"1570\" data-end=\"1600\">\n<p data-start=\"1572\" data-end=\"1600\">Pr\u016fvodce pot\u00e1p\u011bn\u00edm<\/p>\n<\/li>\n<li data-start=\"1601\" data-end=\"1624\">\n<p data-start=\"1603\" data-end=\"1624\">Sprcha se sladkou vodou<\/p>\n<\/li>\n<\/ul>\n<p>&nbsp;<\/p>\n<hr \/>\n<p>&nbsp;<\/p>\n<h2 data-start=\"1631\" data-end=\"1652\">\u274c Co nen\u00ed sou\u010d\u00e1st\u00ed balen\u00ed:<\/h2>\n<ul data-start=\"1654\" data-end=\"1706\">\n<li data-start=\"1654\" data-end=\"1664\">\n<p data-start=\"1656\" data-end=\"1664\">Tip<\/p>\n<\/li>\n<li data-start=\"1665\" data-end=\"1683\">\n<p data-start=\"1667\" data-end=\"1683\">Osobn\u00ed v\u00fddaje<\/p>\n<\/li>\n<li data-start=\"1684\" data-end=\"1706\">\n<p data-start=\"1686\" data-end=\"1706\">Fotografov\u00e1n\u00ed a videografie<\/p>\n<\/li>\n<\/ul>\n<p>&nbsp;<\/p>\n<h2 data-start=\"1713\" data-end=\"1737\">\ud83c\udf92 Co si vz\u00edt s sebou:<\/h2>\n<ul data-start=\"1739\" data-end=\"1864\">\n<li data-start=\"1739\" data-end=\"1756\">\n<p data-start=\"1741\" data-end=\"1756\">Pokr\u00fdvka hlavy<\/p>\n<\/li>\n<li data-start=\"1757\" data-end=\"1770\">\n<p data-start=\"1759\" data-end=\"1770\">Plaveck\u00fd \u00fabor<\/p>\n<\/li>\n<li data-start=\"1771\" data-end=\"1784\">\n<p data-start=\"1773\" data-end=\"1784\">Ru\u010dn\u00edk<\/p>\n<\/li>\n<li data-start=\"1785\" data-end=\"1812\">\n<p data-start=\"1787\" data-end=\"1812\">V\u00fdrobky na ochranu proti slune\u010dn\u00edmu z\u00e1\u0159en\u00ed<\/p>\n<\/li>\n<li data-start=\"1813\" data-end=\"1840\">\n<p data-start=\"1815\" data-end=\"1840\">V\u00fdrobky osobn\u00ed p\u00e9\u010de<\/p>\n<\/li>\n<li data-start=\"1841\" data-end=\"1864\">\n<p data-start=\"1843\" data-end=\"1864\">Slune\u010dn\u00ed br\u00fdle<\/p>\n<\/li>\n<\/ul>\n<hr \/>\n<h4><\/h4>\n<h2 data-start=\"1871\" data-end=\"1887\">\ud83d\udcb0 N\u00e1klady:<\/h2>\n<div class=\"_tableContainer_16hzy_1\">\n<div class=\"_tableWrapper_16hzy_14 group flex w-fit flex-col-reverse\" tabindex=\"-1\">\n<table class=\"w-fit min-w-(--thread-content-width)\" style=\"height: 122px;\" width=\"825\" data-start=\"1889\" data-end=\"2078\">\n<thead data-start=\"1889\" data-end=\"1924\">\n<tr data-start=\"1889\" data-end=\"1924\">\n<th data-start=\"1889\" data-end=\"1911\" data-col-size=\"sm\">Kategorie<\/th>\n<th data-start=\"1911\" data-end=\"1924\" data-col-size=\"sm\">Cena<\/th>\n<\/tr>\n<\/thead>\n<tbody data-start=\"1961\" data-end=\"2078\">\n<tr data-start=\"1961\" data-end=\"1996\">\n<td data-start=\"1961\" data-end=\"1983\" data-col-size=\"sm\">Dosp\u011bl\u00ed<\/td>\n<td data-col-size=\"sm\" data-start=\"1983\" data-end=\"1996\">25 $<\/td>\n<\/tr>\n<tr data-start=\"1997\" data-end=\"2042\">\n<td data-start=\"1997\" data-end=\"2019\" data-col-size=\"sm\">D\u00edt\u011b ve v\u011bku 5-12 let<\/td>\n<td data-col-size=\"sm\" data-start=\"2019\" data-end=\"2042\">10 $ (bez pot\u00e1p\u011bn\u00ed)<\/td>\n<\/tr>\n<tr data-start=\"2043\" data-end=\"2078\">\n<td data-start=\"2043\" data-end=\"2065\" data-col-size=\"sm\">D\u00edt\u011b do 5 let<\/td>\n<td data-start=\"2065\" data-end=\"2078\" data-col-size=\"sm\">Je zdarma<\/td>\n<\/tr>\n<\/tbody>\n<\/table>\n<\/div>\n<\/div>\n<hr \/>\n<p>&nbsp;<\/p>\n<hr \/>\n<p>&nbsp;<\/p>\n<h2 data-start=\"2246\" data-end=\"2258\">\u26a0\ufe0f D\u016fle\u017eit\u00e9:<\/h2>\n<ul data-start=\"2260\" data-end=\"2500\">\n<li data-start=\"2260\" data-end=\"2287\">\n<p data-start=\"2262\" data-end=\"2287\">Objedn\u00e1vejte alespo\u0148 1 den p\u0159edem<\/p>\n<\/li>\n<li data-start=\"2288\" data-end=\"2323\">\n<p data-start=\"2290\" data-end=\"2323\">Platba v hotovosti v den cesty<\/p>\n<\/li>\n<li data-start=\"2324\" data-end=\"2406\">\n<p data-start=\"2326\" data-end=\"2406\">Pokud m\u00e1 autobus zpo\u017ed\u011bn\u00ed del\u0161\u00ed ne\u017e 10 minut, okam\u017eit\u011b n\u00e1s kontaktujte.<\/p>\n<\/li>\n<li data-start=\"2407\" data-end=\"2500\">\n<p data-start=\"2409\" data-end=\"2500\">Nejsme zodpov\u011bdn\u00ed za foto\/video slu\u017eby - domluvte se p\u0159\u00edmo s fotografy.<\/p>\n<\/li>\n<\/ul>\n<p>&nbsp;<\/p>\n<p><strong>Rezervovat nyn\u00ed<br \/>\ne-mailem:\u00a0<\/strong><a href=\"mailto:poehalisnamiegypt@gmail.com\"><span class=\"contact-info__item__text\">poehalisnamiegypt@gmail.com<\/span><\/a><\/p>\n<p><strong>prost\u0159ednictv\u00edm soci\u00e1ln\u00edch kontakt\u016f<\/strong><\/p>\n<p><a href=\"viber:\/\/chat?number=01122996556\"><img decoding=\"async\" class=\"alignleft wp-image-2059\" src=\"https:\/\/poehalisnamiegypt.com\/wp-content\/uploads\/2024\/02\/pngwing.com-1-300x300.png\" sizes=\"auto, (max-width: 37px) 100vw, 37px\" srcset=\"https:\/\/poehalisnamiegypt.com\/wp-content\/uploads\/2024\/02\/pngwing.com-1-300x300.png 300w, https:\/\/poehalisnamiegypt.com\/wp-content\/uploads\/2024\/02\/pngwing.com-1-150x150.png 150w, https:\/\/poehalisnamiegypt.com\/wp-content\/uploads\/2024\/02\/pngwing.com-1.png 512w\" alt=\"\" width=\"37\" height=\"37\" \/><\/a><a href=\"https:\/\/api.whatsapp.com\/send\/?phone=01122996556\" target=\"_blank\" rel=\"noopener\"><img decoding=\"async\" class=\"alignleft wp-image-2058\" src=\"https:\/\/poehalisnamiegypt.com\/wp-content\/uploads\/2024\/02\/pngwing.com_-300x300.png\" sizes=\"auto, (max-width: 35px) 100vw, 35px\" srcset=\"https:\/\/poehalisnamiegypt.com\/wp-content\/uploads\/2024\/02\/pngwing.com_-300x300.png 300w, https:\/\/poehalisnamiegypt.com\/wp-content\/uploads\/2024\/02\/pngwing.com_-150x150.png 150w, https:\/\/poehalisnamiegypt.com\/wp-content\/uploads\/2024\/02\/pngwing.com_.png 584w\" alt=\"\" width=\"35\" height=\"35\" \/><\/a><a href=\"https:\/\/t.me\/+01122996556\"><img decoding=\"async\" class=\"alignleft wp-image-2060\" src=\"https:\/\/poehalisnamiegypt.com\/wp-content\/uploads\/2024\/02\/pngwing.com-2-300x300.png\" sizes=\"auto, (max-width: 42px) 100vw, 42px\" srcset=\"https:\/\/poehalisnamiegypt.com\/wp-content\/uploads\/2024\/02\/pngwing.com-2-300x300.png 300w, https:\/\/poehalisnamiegypt.com\/wp-content\/uploads\/2024\/02\/pngwing.com-2-150x150.png 150w, https:\/\/poehalisnamiegypt.com\/wp-content\/uploads\/2024\/02\/pngwing.com-2.png 600w\" alt=\"\" width=\"42\" height=\"42\" \/><\/a><\/p>","protected":false},"excerpt":{"rendered":"<p>\n\ud83d\udea4 Co v\u00e1s \u010dek\u00e1:<\/p>\n<p>\nV\u00fdlet na mo\u0159e na t\u0159\u00edpatrov\u00e9 jacht\u011b<\/p>\n<p>\nJ\u00edzda na \"ban\u00e1nu\" a \"tabletu\"<\/p>\n<p>\n\u0160norchlov\u00e1n\u00ed v kor\u00e1lov\u00fdch zahrad\u00e1ch<\/p>\n<p>\n\u0414\u0430\u0439\u0432\u0438\u043d\u0433 \u043d\u0430 \u0433\u043b\u0443\u0431\u0438\u043d\u0443 <\/p>","protected":false},"featured_media":12493,"comment_status":"open","ping_status":"closed","template":"","meta":{"_acf_changed":false,"_glsr_average":0,"_glsr_ranking":0,"_glsr_reviews":0},"product_brand":[],"product_cat":[],"product_tag":[],"class_list":{"0":"post-12008","1":"product","2":"type-product","3":"status-publish","4":"has-post-thumbnail","6":"pa_destination-127","7":"pa_month-april","8":"pa_month-december","9":"pa_month-september","10":"tour_phys-----2","12":"first","13":"instock","14":"featured","15":"shipping-taxable","16":"purchasable","17":"product-type-tour_phys"},"acf":[],"_links":{"self":[{"href":"https:\/\/skylarkeg.net\/cs\/wp-json\/wp\/v2\/product\/12008","targetHints":{"allow":["GET"]}}],"collection":[{"href":"https:\/\/skylarkeg.net\/cs\/wp-json\/wp\/v2\/product"}],"about":[{"href":"https:\/\/skylarkeg.net\/cs\/wp-json\/wp\/v2\/types\/product"}],"replies":[{"embeddable":true,"href":"https:\/\/skylarkeg.net\/cs\/wp-json\/wp\/v2\/comments?post=12008"}],"wp:featuredmedia":[{"embeddable":true,"href":"https:\/\/skylarkeg.net\/cs\/wp-json\/wp\/v2\/media\/12493"}],"wp:attachment":[{"href":"https:\/\/skylarkeg.net\/cs\/wp-json\/wp\/v2\/media?parent=12008"}],"wp:term":[{"taxonomy":"product_brand","embeddable":true,"href":"https:\/\/skylarkeg.net\/cs\/wp-json\/wp\/v2\/product_brand?post=12008"},{"taxonomy":"product_cat","embeddable":true,"href":"https:\/\/skylarkeg.net\/cs\/wp-json\/wp\/v2\/product_cat?post=12008"},{"taxonomy":"product_tag","embeddable":true,"href":"https:\/\/skylarkeg.net\/cs\/wp-json\/wp\/v2\/product_tag?post=12008"}],"curies":[{"name":"wp","href":"https:\/\/api.w.org\/{rel}","templated":true}]}}